{"id":2314,"date":"2024-09-20T14:47:36","date_gmt":"2024-09-20T12:47:36","guid":{"rendered":"https:\/\/ieo31.com\/wordpress\/?page_id=2314"},"modified":"2024-09-20T14:52:00","modified_gmt":"2024-09-20T12:52:00","slug":"festival-occitania-2024","status":"publish","type":"page","link":"https:\/\/ieo31.com\/wordpress\/festival-occitania\/festival-occitania-2024\/","title":{"rendered":"Festival Occitania 2024"},"content":{"rendered":"\t\t<div data-elementor-type=\"wp-page\" data-elementor-id=\"2314\" class=\"elementor elementor-2314\">\n\t\t\t\t<div class=\"elementor-element elementor-element-25f46df e-flex e-con-boxed e-con e-parent\" data-id=\"25f46df\" data-element_type=\"container\" data-e-type=\"container\" data-settings=\"{&quot;background_background&quot;:&quot;classic&quot;}\">\n\t\t\t\t\t<div class=\"e-con-inner\">\n\t\t\t\t<div class=\"elementor-element elementor-element-b4994e2 elementor-widget elementor-widget-spacer\" data-id=\"b4994e2\" data-element_type=\"widget\" data-e-type=\"widget\" data-widget_type=\"spacer.default\">\n\t\t\t\t<div class=\"elementor-widget-container\">\n\t\t\t\t\t\t\t<div class=\"elementor-spacer\">\n\t\t\t<div class=\"elementor-spacer-inner\"><\/div>\n\t\t<\/div>\n\t\t\t\t\t\t<\/div>\n\t\t\t\t<\/div>\n\t\t\t\t<div class=\"elementor-element elementor-element-817d12e elementor-widget elementor-widget-image\" data-id=\"817d12e\" data-element_type=\"widget\" data-e-type=\"widget\" data-widget_type=\"image.default\">\n\t\t\t\t<div class=\"elementor-widget-container\">\n\t\t\t\t\t\t\t\t\t\t\t\t\t\t\t<img decoding=\"async\" src=\"https:\/\/ieo31.com\/wordpress\/wp-content\/uploads\/elementor\/thumbs\/FestivalOccitania2023_TYPO2-qrc6wvzt8ahp8kn0sdi009rsl89rkkrxyl6hokrebo.png\" title=\"FestivalOccitania2023_TYPO2\" alt=\"FestivalOccitania2023_TYPO2\" loading=\"lazy\" \/>\t\t\t\t\t\t\t\t\t\t\t\t\t\t\t<\/div>\n\t\t\t\t<\/div>\n\t\t\t\t<div class=\"elementor-element elementor-element-0046b65 animated-slow elementor-invisible elementor-widget elementor-widget-heading\" data-id=\"0046b65\" data-element_type=\"widget\" data-e-type=\"widget\" data-settings=\"{&quot;_animation&quot;:&quot;fadeInUp&quot;}\" data-widget_type=\"heading.default\">\n\t\t\t\t<div class=\"elementor-widget-container\">\n\t\t\t\t\t<h2 class=\"elementor-heading-title elementor-size-default\">2024<\/h2>\t\t\t\t<\/div>\n\t\t\t\t<\/div>\n\t\t\t\t\t<\/div>\n\t\t\t\t<\/div>\n\t\t<div class=\"elementor-element elementor-element-58839f2 e-flex e-con-boxed e-con e-parent\" data-id=\"58839f2\" data-element_type=\"container\" data-e-type=\"container\">\n\t\t\t\t\t<div class=\"e-con-inner\">\n\t\t\t\t<div class=\"elementor-element elementor-element-2039a12 elementor-invisible elementor-widget elementor-widget-heading\" data-id=\"2039a12\" data-element_type=\"widget\" data-e-type=\"widget\" data-settings=\"{&quot;_animation&quot;:&quot;slideInLeft&quot;}\" data-widget_type=\"heading.default\">\n\t\t\t\t<div class=\"elementor-widget-container\">\n\t\t\t\t\t<h2 class=\"elementor-heading-title elementor-size-default\">Le festival<\/h2>\t\t\t\t<\/div>\n\t\t\t\t<\/div>\n\t\t\t\t\t<\/div>\n\t\t\t\t<\/div>\n\t\t<div class=\"elementor-element elementor-element-a194715 e-flex e-con-boxed e-con e-parent\" data-id=\"a194715\" data-element_type=\"container\" data-e-type=\"container\">\n\t\t\t\t\t<div class=\"e-con-inner\">\n\t\t<div class=\"elementor-element elementor-element-17c799b e-con-full e-flex e-con e-child\" data-id=\"17c799b\" data-element_type=\"container\" data-e-type=\"container\">\n\t\t\t\t<div class=\"elementor-element elementor-element-758b588 elementor-invisible elementor-widget elementor-widget-image\" data-id=\"758b588\" data-element_type=\"widget\" data-e-type=\"widget\" data-settings=\"{&quot;_animation&quot;:&quot;slideInLeft&quot;}\" data-widget_type=\"image.default\">\n\t\t\t\t<div class=\"elementor-widget-container\">\n\t\t\t\t\t\t\t\t\t\t\t\t\t\t\t<img fetchpriority=\"high\" decoding=\"async\" width=\"724\" height=\"1024\" src=\"https:\/\/ieo31.com\/wordpress\/wp-content\/uploads\/2024\/09\/FESTIVAL-OCCITANIA-af2024-724x1024.jpg\" class=\"attachment-large size-large wp-image-2263\" alt=\"\" srcset=\"https:\/\/ieo31.com\/wordpress\/wp-content\/uploads\/2024\/09\/FESTIVAL-OCCITANIA-af2024-724x1024.jpg 724w, https:\/\/ieo31.com\/wordpress\/wp-content\/uploads\/2024\/09\/FESTIVAL-OCCITANIA-af2024-212x300.jpg 212w, https:\/\/ieo31.com\/wordpress\/wp-content\/uploads\/2024\/09\/FESTIVAL-OCCITANIA-af2024-768x1086.jpg 768w, https:\/\/ieo31.com\/wordpress\/wp-content\/uploads\/2024\/09\/FESTIVAL-OCCITANIA-af2024-1086x1536.jpg 1086w, https:\/\/ieo31.com\/wordpress\/wp-content\/uploads\/2024\/09\/FESTIVAL-OCCITANIA-af2024-1320x1867.jpg 1320w, https:\/\/ieo31.com\/wordpress\/wp-content\/uploads\/2024\/09\/FESTIVAL-OCCITANIA-af2024.jpg 1414w\" sizes=\"(max-width: 724px) 100vw, 724px\" data-wp-pid=\"2263\" \/>\t\t\t\t\t\t\t\t\t\t\t\t\t\t\t<\/div>\n\t\t\t\t<\/div>\n\t\t\t\t<\/div>\n\t\t<div class=\"elementor-element elementor-element-2367b84 e-con-full e-flex e-con e-child\" data-id=\"2367b84\" data-element_type=\"container\" data-e-type=\"container\">\n\t\t\t\t<div class=\"elementor-element elementor-element-371564a elementor-invisible elementor-widget elementor-widget-text-editor\" data-id=\"371564a\" data-element_type=\"widget\" data-e-type=\"widget\" data-settings=\"{&quot;_animation&quot;:&quot;slideInRight&quot;}\" data-widget_type=\"text-editor.default\">\n\t\t\t\t<div class=\"elementor-widget-container\">\n\t\t\t\t\t\t\t\t\t<p>Las temperaturas davalan, lo solelh s\u2019escond\u2026 De segur la davalada arriba. Bona nov\u00e8la, lo <b>Festival Occitania <\/b>es a tornar ! Ongan vos prepausam mai de vint eveniments per demorar plan cauds en tot descobrir \u00e7\u00f2 qu\u2019Occitania a de melhor en mat\u00e8ria de creacion actuala. E n\u2019avem per totes los gostes que lo festenal se v\u00f2l dob\u00e8rt a totas e totes : literatura, contes, teatre, ist\u00f2ria, musica, dan\u00e7a, cinem\u00e0\u2026 Portat per l\u2019IEO 31 e afortit de partenariats amb d\u2019associacions localas e occitanas, vos convidam a vos venir banhar dins la lenga e la cultura n\u00f2stras.<\/p><p>Lan\u00e7am lo festenal en granda pompa a l\u2019escasen\u00e7a de las Jornadas Europencas del Patrim\u00f2ni los 21 e 22 de setembre al mus\u00e8u Sant-Ramon, ont se tendr\u00e0 un vilatge occitan. S\u2019i podr\u00e0n trapar d\u2019activitats sus tota la dimenjada. Lo dissabte, auretz una iniciacion a l\u2019occitan prepausada per Ioan Algans, una presentacion de l\u2019accion de l\u2019IEO OPM amb de p\u00f2dcastes, la revista Lo Diari e La Galari\u00e1, una animacion musicala amb Brancaleone, e s\u2019acabar\u00e0 amb una visita del mus\u00e8u en occitan per Renaud Savy. Lo dimenge, una nov\u00e8la iniciacion a l\u2019occitan ser\u00e0 possibla, tan coma de contes amb Alan Vidal, seguida per la descob\u00e8rta d\u2019instruments medievals amb Samuel M\u00e9ric, e un mix de viniles occitans amb Varalh Prod.<\/p><p>L\u2019espectacle viu ser\u00e0 a l\u2019onor per aquela edicion del Festival Occitania ! La Com\u00e8dia Occitana Tolzana vos va poder presentar sa pe\u00e7a nov\u00e8la <i>Embrolhs a la Palanca<\/i>, e lo Florant Mercadier vendr\u00e0 jogar sa plan famosa <i>L\u2019Occitanie pour les nuls<\/i>. De son costat, Christophe Calmettes fara una representacion de la pe\u00e7a <i>Un tr\u00f2\u00e7 de camin<\/i>, adaptada de l\u2019\u00f2bra <i>La Grava sul camin<\/i> de Joan Bodon.<\/p>\t\t\t\t\t\t\t\t<\/div>\n\t\t\t\t<\/div>\n\t\t\t\t<\/div>\n\t\t<div class=\"elementor-element elementor-element-7042b82 e-con-full e-flex e-con e-child\" data-id=\"7042b82\" data-element_type=\"container\" data-e-type=\"container\">\n\t\t\t\t<div class=\"elementor-element elementor-element-66b7485 elementor-invisible elementor-widget elementor-widget-text-editor\" data-id=\"66b7485\" data-element_type=\"widget\" data-e-type=\"widget\" data-settings=\"{&quot;_animation&quot;:&quot;slideInRight&quot;}\" data-widget_type=\"text-editor.default\">\n\t\t\t\t<div class=\"elementor-widget-container\">\n\t\t\t\t\t\t\t\t\t<p>L\u2019occitan, es tanben un afar de literatura ! Per aqu\u00f2 retrobarem G\u00e9rard Zuchetto, Paulina Kamakine e Franc Bard\u00f2u per una lectura po\u00ebtica de <i>L\u2019\u00e0ngel que renais<\/i>, Miqu\u00e8la Stenta per presentar <i>Marcelle Delpastre \u00e0 fleur de l\u2019\u00e2me<\/i>, Eric Fraj en encontre literari musical per son libre-CD nov\u00e8l <i>Parle a un p\u00f2ble<\/i>, que met en musica l\u2019\u00f2bra de Rob\u00e8rt Lafont. Pu\u00e8i, Daidi\u00e8r Mir ser\u00e0 convidat pel Cercle Occitan de Carbona per presentar son libre e son filme <i>Leis inaudibles<\/i>, acompanhat d\u2019una projeccion, que contan l\u2019ist\u00f2ria del vilatge de Br\u00f2ve dins Var, voidat per l\u2019armada francesa dins la annadas 70.<\/p><p>Per profiechar, cal tanben poder festejar, dan\u00e7ar e cantar ! E av\u00e8m de que far, amb lo fest-noz bal\u00e8ti annadi\u00e8r de Breizh en \u00d2c a Cunhaus que convida Zo\u00f1j, Totis Tres e lo Bagad bro Tolosa. A Senta Gab\u00e8la, es Coquelicot de Fogo que ven jogar a l\u2019escasen\u00e7a de la F\u00e8sta Occitana portada per l\u2019associacion Camin\u00f2c e lo Sindicat d\u2019Iniciativa de Senta Gab\u00e8la, ont se tendr\u00e0 tanben l\u2019inquet. E a la fin del mes, podretz celebrar la f\u00e8sta de la Martror a Pinsagu\u00e8l, merc\u00e9s als Pescofis de Pinsagu\u00e8l e al caf\u00e8 La Grande Famille, amb lo du\u00f2 Salvatjonas.<\/p><p>Enfin, pas de festenal sens conc\u00e8rt ! Vos prepausam doncas lo du\u00f2 Arizon\u00e0 (trad acostic) a la Gougnotte per l\u2019estrena de la m\u00f2stra <i>camp liure<\/i> de l\u2019artista Laur\u00ed Privat, Varalh Bal\u00e8ti (ragga bal\u00e8ti) a l\u2019\u00c9vasion, lo du\u00f2 Lavo\u00e0 Lap\u00f2 (cant e percussions) a la Cave Po\u00e9sie, DiLOUvienne e son conc\u00e8rt-bal\u00e8ti nov\u00e8l <i>Esclafi <\/i>a l\u2019Astronef, Rod\u00edn (rap hip hop) e Louie Z (pop modulara) al cabaret Le 9, MC KER.6 (bal bl\u00e9dart) e lo Transe-\u00f2c vinil mix al DAda. Lo festenal s\u2019acabar\u00e0 amb los conc\u00e8rts de De La Crau (transida po\u00ebtica p\u00f2st-r\u00f2ck) e Dus Au Casau (bal\u00e8ti cosmic) lo 2 de novembre al cabaret Le 9.<\/p>\t\t\t\t\t\t\t\t<\/div>\n\t\t\t\t<\/div>\n\t\t\t\t<div class=\"elementor-element elementor-element-856c146 elementor-button-success elementor-align-center elementor-widget elementor-widget-button\" data-id=\"856c146\" data-element_type=\"widget\" data-e-type=\"widget\" data-widget_type=\"button.default\">\n\t\t\t\t<div class=\"elementor-widget-container\">\n\t\t\t\t\t\t\t\t\t<div class=\"elementor-button-wrapper\">\n\t\t\t\t\t<a class=\"elementor-button elementor-button-link elementor-size-sm\" href=\"https:\/\/ieo31.com\/wordpress\/wp-content\/uploads\/2024\/09\/Comunicat-2024.pdf\">\n\t\t\t\t\t\t<span class=\"elementor-button-content-wrapper\">\n\t\t\t\t\t\t\t\t\t<span class=\"elementor-button-text\">Comunicat de premsa \/ Communiqu\u00e9 de presse<\/span>\n\t\t\t\t\t<\/span>\n\t\t\t\t\t<\/a>\n\t\t\t\t<\/div>\n\t\t\t\t\t\t\t\t<\/div>\n\t\t\t\t<\/div>\n\t\t\t\t<div class=\"elementor-element elementor-element-a938081 elementor-shape-circle animated-slow elementor-grid-0 e-grid-align-center elementor-invisible elementor-widget elementor-widget-social-icons\" data-id=\"a938081\" data-element_type=\"widget\" data-e-type=\"widget\" data-settings=\"{&quot;_animation&quot;:&quot;fadeIn&quot;}\" data-widget_type=\"social-icons.default\">\n\t\t\t\t<div class=\"elementor-widget-container\">\n\t\t\t\t\t\t\t<div class=\"elementor-social-icons-wrapper elementor-grid\" role=\"list\">\n\t\t\t\t\t\t\t<span class=\"elementor-grid-item\" role=\"listitem\">\n\t\t\t\t\t<a class=\"elementor-icon elementor-social-icon elementor-social-icon-facebook elementor-animation-grow elementor-repeater-item-521454d\" href=\"https:\/\/www.facebook.com\/festivaloccitania\" target=\"_blank\">\n\t\t\t\t\t\t<span class=\"elementor-screen-only\">Facebook<\/span>\n\t\t\t\t\t\t<svg aria-hidden=\"true\" class=\"e-font-icon-svg e-fab-facebook\" viewBox=\"0 0 512 512\" xmlns=\"http:\/\/www.w3.org\/2000\/svg\"><path d=\"M504 256C504 119 393 8 256 8S8 119 8 256c0 123.78 90.69 226.38 209.25 245V327.69h-63V256h63v-54.64c0-62.15 37-96.48 93.67-96.48 27.14 0 55.52 4.84 55.52 4.84v61h-31.28c-30.8 0-40.41 19.12-40.41 38.73V256h68.78l-11 71.69h-57.78V501C413.31 482.38 504 379.78 504 256z\"><\/path><\/svg>\t\t\t\t\t<\/a>\n\t\t\t\t<\/span>\n\t\t\t\t\t\t\t<span class=\"elementor-grid-item\" role=\"listitem\">\n\t\t\t\t\t<a class=\"elementor-icon elementor-social-icon elementor-social-icon-instagram elementor-animation-grow elementor-repeater-item-d322978\" href=\"https:\/\/www.instagram.com\/festivaloccitania\" target=\"_blank\">\n\t\t\t\t\t\t<span class=\"elementor-screen-only\">Instagram<\/span>\n\t\t\t\t\t\t<svg aria-hidden=\"true\" class=\"e-font-icon-svg e-fab-instagram\" viewBox=\"0 0 448 512\" xmlns=\"http:\/\/www.w3.org\/2000\/svg\"><path d=\"M224.1 141c-63.6 0-114.9 51.3-114.9 114.9s51.3 114.9 114.9 114.9S339 319.5 339 255.9 287.7 141 224.1 141zm0 189.6c-41.1 0-74.7-33.5-74.7-74.7s33.5-74.7 74.7-74.7 74.7 33.5 74.7 74.7-33.6 74.7-74.7 74.7zm146.4-194.3c0 14.9-12 26.8-26.8 26.8-14.9 0-26.8-12-26.8-26.8s12-26.8 26.8-26.8 26.8 12 26.8 26.8zm76.1 27.2c-1.7-35.9-9.9-67.7-36.2-93.9-26.2-26.2-58-34.4-93.9-36.2-37-2.1-147.9-2.1-184.9 0-35.8 1.7-67.6 9.9-93.9 36.1s-34.4 58-36.2 93.9c-2.1 37-2.1 147.9 0 184.9 1.7 35.9 9.9 67.7 36.2 93.9s58 34.4 93.9 36.2c37 2.1 147.9 2.1 184.9 0 35.9-1.7 67.7-9.9 93.9-36.2 26.2-26.2 34.4-58 36.2-93.9 2.1-37 2.1-147.8 0-184.8zM398.8 388c-7.8 19.6-22.9 34.7-42.6 42.6-29.5 11.7-99.5 9-132.1 9s-102.7 2.6-132.1-9c-19.6-7.8-34.7-22.9-42.6-42.6-11.7-29.5-9-99.5-9-132.1s-2.6-102.7 9-132.1c7.8-19.6 22.9-34.7 42.6-42.6 29.5-11.7 99.5-9 132.1-9s102.7-2.6 132.1 9c19.6 7.8 34.7 22.9 42.6 42.6 11.7 29.5 9 99.5 9 132.1s2.7 102.7-9 132.1z\"><\/path><\/svg>\t\t\t\t\t<\/a>\n\t\t\t\t<\/span>\n\t\t\t\t\t\t\t<span class=\"elementor-grid-item\" role=\"listitem\">\n\t\t\t\t\t<a class=\"elementor-icon elementor-social-icon elementor-social-icon-twitter elementor-animation-grow elementor-repeater-item-b85d0b8\" href=\"https:\/\/x.com\/IEO31occitania\" target=\"_blank\">\n\t\t\t\t\t\t<span class=\"elementor-screen-only\">Twitter<\/span>\n\t\t\t\t\t\t<svg aria-hidden=\"true\" class=\"e-font-icon-svg e-fab-twitter\" viewBox=\"0 0 512 512\" xmlns=\"http:\/\/www.w3.org\/2000\/svg\"><path d=\"M459.37 151.716c.325 4.548.325 9.097.325 13.645 0 138.72-105.583 298.558-298.558 298.558-59.452 0-114.68-17.219-161.137-47.106 8.447.974 16.568 1.299 25.34 1.299 49.055 0 94.213-16.568 130.274-44.832-46.132-.975-84.792-31.188-98.112-72.772 6.498.974 12.995 1.624 19.818 1.624 9.421 0 18.843-1.3 27.614-3.573-48.081-9.747-84.143-51.98-84.143-102.985v-1.299c13.969 7.797 30.214 12.67 47.431 13.319-28.264-18.843-46.781-51.005-46.781-87.391 0-19.492 5.197-37.36 14.294-52.954 51.655 63.675 129.3 105.258 216.365 109.807-1.624-7.797-2.599-15.918-2.599-24.04 0-57.828 46.782-104.934 104.934-104.934 30.213 0 57.502 12.67 76.67 33.137 23.715-4.548 46.456-13.32 66.599-25.34-7.798 24.366-24.366 44.833-46.132 57.827 21.117-2.273 41.584-8.122 60.426-16.243-14.292 20.791-32.161 39.308-52.628 54.253z\"><\/path><\/svg>\t\t\t\t\t<\/a>\n\t\t\t\t<\/span>\n\t\t\t\t\t\t\t<span class=\"elementor-grid-item\" role=\"listitem\">\n\t\t\t\t\t<a class=\"elementor-icon elementor-social-icon elementor-social-icon-envelope elementor-animation-grow elementor-repeater-item-f9460c6\" href=\"mailto:contacte@festivaloccitania.com\" target=\"_blank\">\n\t\t\t\t\t\t<span class=\"elementor-screen-only\">Envelope<\/span>\n\t\t\t\t\t\t<svg aria-hidden=\"true\" class=\"e-font-icon-svg e-fas-envelope\" viewBox=\"0 0 512 512\" xmlns=\"http:\/\/www.w3.org\/2000\/svg\"><path d=\"M502.3 190.8c3.9-3.1 9.7-.2 9.7 4.7V400c0 26.5-21.5 48-48 48H48c-26.5 0-48-21.5-48-48V195.6c0-5 5.7-7.8 9.7-4.7 22.4 17.4 52.1 39.5 154.1 113.6 21.1 15.4 56.7 47.8 92.2 47.6 35.7.3 72-32.8 92.3-47.6 102-74.1 131.6-96.3 154-113.7zM256 320c23.2.4 56.6-29.2 73.4-41.4 132.7-96.3 142.8-104.7 173.4-128.7 5.8-4.5 9.2-11.5 9.2-18.9v-19c0-26.5-21.5-48-48-48H48C21.5 64 0 85.5 0 112v19c0 7.4 3.4 14.3 9.2 18.9 30.6 23.9 40.7 32.4 173.4 128.7 16.8 12.2 50.2 41.8 73.4 41.4z\"><\/path><\/svg>\t\t\t\t\t<\/a>\n\t\t\t\t<\/span>\n\t\t\t\t\t<\/div>\n\t\t\t\t\t\t<\/div>\n\t\t\t\t<\/div>\n\t\t\t\t<\/div>\n\t\t\t\t\t<\/div>\n\t\t\t\t<\/div>\n\t\t<div class=\"elementor-element elementor-element-a7abe1c e-flex e-con-boxed e-con e-parent\" data-id=\"a7abe1c\" data-element_type=\"container\" data-e-type=\"container\" data-settings=\"{&quot;background_background&quot;:&quot;classic&quot;}\">\n\t\t\t\t\t<div class=\"e-con-inner\">\n\t\t\t\t<div class=\"elementor-element elementor-element-ac4d0a4 elementor-invisible elementor-widget elementor-widget-heading\" data-id=\"ac4d0a4\" data-element_type=\"widget\" data-e-type=\"widget\" data-settings=\"{&quot;_animation&quot;:&quot;slideInLeft&quot;}\" data-widget_type=\"heading.default\">\n\t\t\t\t<div class=\"elementor-widget-container\">\n\t\t\t\t\t<h2 class=\"elementor-heading-title elementor-size-default\">Programme<\/h2>\t\t\t\t<\/div>\n\t\t\t\t<\/div>\n\t\t\t\t<div class=\"elementor-element elementor-element-f546a12 elementor-invisible elementor-widget elementor-widget-image\" data-id=\"f546a12\" data-element_type=\"widget\" data-e-type=\"widget\" data-settings=\"{&quot;_animation&quot;:&quot;slideInLeft&quot;}\" data-widget_type=\"image.default\">\n\t\t\t\t<div class=\"elementor-widget-container\">\n\t\t\t\t\t\t\t\t\t\t\t\t\t\t\t<img decoding=\"async\" width=\"1024\" height=\"728\" src=\"https:\/\/ieo31.com\/wordpress\/wp-content\/uploads\/2024\/09\/Papieron-Festival-2024-1024x728.jpg\" class=\"attachment-large size-large wp-image-2305\" alt=\"\" srcset=\"https:\/\/ieo31.com\/wordpress\/wp-content\/uploads\/2024\/09\/Papieron-Festival-2024-1024x728.jpg 1024w, https:\/\/ieo31.com\/wordpress\/wp-content\/uploads\/2024\/09\/Papieron-Festival-2024-300x213.jpg 300w, https:\/\/ieo31.com\/wordpress\/wp-content\/uploads\/2024\/09\/Papieron-Festival-2024-768x546.jpg 768w, https:\/\/ieo31.com\/wordpress\/wp-content\/uploads\/2024\/09\/Papieron-Festival-2024-1536x1091.jpg 1536w, https:\/\/ieo31.com\/wordpress\/wp-content\/uploads\/2024\/09\/Papieron-Festival-2024-1320x938.jpg 1320w, https:\/\/ieo31.com\/wordpress\/wp-content\/uploads\/2024\/09\/Papieron-Festival-2024.jpg 2000w\" sizes=\"(max-width: 1024px) 100vw, 1024px\" data-wp-pid=\"2305\" \/>\t\t\t\t\t\t\t\t\t\t\t\t\t\t\t<\/div>\n\t\t\t\t<\/div>\n\t\t\t\t<div class=\"elementor-element elementor-element-3602469 elementor-widget elementor-widget-html\" data-id=\"3602469\" data-element_type=\"widget\" data-e-type=\"widget\" data-widget_type=\"html.default\">\n\t\t\t\t<div class=\"elementor-widget-container\">\n\t\t\t\t\t<iframe style=\"width:100%;\" frameborder=\"0\" scrolling=\"no\" allowtransparency=\"allowtransparency\" class=\"cibulFrame cbpgbdy\" data-oabdy src=\"\/\/openagenda.com\/agendas\/15570103\/embeds\/83946434\/events?lang=fr\" data-lang=\"fr\"><\/iframe><script type=\"text\/javascript\" src=\"\/\/openagenda.com\/js\/embed\/cibulBodyWidget.js\"><\/script>\n\t\t\t\t<\/div>\n\t\t\t\t<\/div>\n\t\t\t\t\t<\/div>\n\t\t\t\t<\/div>\n\t\t\t\t<\/div>\n\t\t","protected":false},"excerpt":{"rendered":"<p>2024 Le festival Las temperaturas davalan, lo solelh s\u2019escond\u2026 De segur la davalada arriba. Bona nov\u00e8la, lo Festival Occitania es [&hellip;]<\/p>\n","protected":false},"author":2,"featured_media":0,"parent":1085,"menu_order":4,"comment_status":"closed","ping_status":"closed","template":"","meta":{"site-sidebar-layout":"no-sidebar","site-content-layout":"","ast-site-content-layout":"full-width-container","site-content-style":"default","site-sidebar-style":"default","ast-global-header-display":"","ast-banner-title-visibility":"","ast-main-header-display":"","ast-hfb-above-header-display":"","ast-hfb-below-header-display":"","ast-hfb-mobile-header-display":"","site-post-title":"disabled","ast-breadcrumbs-content":"","ast-featured-img":"disabled","footer-sml-layout":"","ast-disable-related-posts":"","theme-transparent-header-meta":"","adv-header-id-meta":"","stick-header-meta":"","header-above-stick-meta":"","header-main-stick-meta":"","header-below-stick-meta":"","astra-migrate-meta-layouts":"default","ast-page-background-enabled":"default","ast-page-background-meta":{"desktop":{"background-color":"var(--ast-global-color-4)","background-image":"","background-repeat":"repeat","background-position":"center center","background-size":"auto","background-attachment":"scroll","background-type":"","background-media":"","overlay-type":"","overlay-color":"","overlay-opacity":"","overlay-gradient":""},"tablet":{"background-color":"","background-image":"","background-repeat":"repeat","background-position":"center center","background-size":"auto","background-attachment":"scroll","background-type":"","background-media":"","overlay-type":"","overlay-color":"","overlay-opacity":"","overlay-gradient":""},"mobile":{"background-color":"","background-image":"","background-repeat":"repeat","background-position":"center center","background-size":"auto","background-attachment":"scroll","background-type":"","background-media":"","overlay-type":"","overlay-color":"","overlay-opacity":"","overlay-gradient":""}},"ast-content-background-meta":{"desktop":{"background-color":"var(--ast-global-color-5)","background-image":"","background-repeat":"repeat","background-position":"center center","background-size":"auto","background-attachment":"scroll","background-type":"","background-media":"","overlay-type":"","overlay-color":"","overlay-opacity":"","overlay-gradient":""},"tablet":{"background-color":"var(--ast-global-color-5)","background-image":"","background-repeat":"repeat","background-position":"center center","background-size":"auto","background-attachment":"scroll","background-type":"","background-media":"","overlay-type":"","overlay-color":"","overlay-opacity":"","overlay-gradient":""},"mobile":{"background-color":"var(--ast-global-color-5)","background-image":"","background-repeat":"repeat","background-position":"center center","background-size":"auto","background-attachment":"scroll","background-type":"","background-media":"","overlay-type":"","overlay-color":"","overlay-opacity":"","overlay-gradient":""}},"footnotes":""},"class_list":["post-2314","page","type-page","status-publish","hentry"],"_links":{"self":[{"href":"https:\/\/ieo31.com\/wordpress\/wp-json\/wp\/v2\/pages\/2314","targetHints":{"allow":["GET"]}}],"collection":[{"href":"https:\/\/ieo31.com\/wordpress\/wp-json\/wp\/v2\/pages"}],"about":[{"href":"https:\/\/ieo31.com\/wordpress\/wp-json\/wp\/v2\/types\/page"}],"author":[{"embeddable":true,"href":"https:\/\/ieo31.com\/wordpress\/wp-json\/wp\/v2\/users\/2"}],"replies":[{"embeddable":true,"href":"https:\/\/ieo31.com\/wordpress\/wp-json\/wp\/v2\/comments?post=2314"}],"version-history":[{"count":4,"href":"https:\/\/ieo31.com\/wordpress\/wp-json\/wp\/v2\/pages\/2314\/revisions"}],"predecessor-version":[{"id":2319,"href":"https:\/\/ieo31.com\/wordpress\/wp-json\/wp\/v2\/pages\/2314\/revisions\/2319"}],"up":[{"embeddable":true,"href":"https:\/\/ieo31.com\/wordpress\/wp-json\/wp\/v2\/pages\/1085"}],"wp:attachment":[{"href":"https:\/\/ieo31.com\/wordpress\/wp-json\/wp\/v2\/media?parent=2314"}],"curies":[{"name":"wp","href":"https:\/\/api.w.org\/{rel}","templated":true}]}}