{"id":3,"date":"2024-03-02T14:26:35","date_gmt":"2024-03-02T13:26:35","guid":{"rendered":"http:\/\/ieo31.com\/wordpress\/?page_id=3"},"modified":"2024-06-06T15:56:36","modified_gmt":"2024-06-06T13:56:36","slug":"informations-legales","status":"publish","type":"page","link":"https:\/\/ieo31.com\/wordpress\/informations-legales\/","title":{"rendered":"Informations l\u00e9gales"},"content":{"rendered":"\t\t<div data-elementor-type=\"wp-page\" data-elementor-id=\"3\" class=\"elementor elementor-3\">\n\t\t\t\t<div class=\"elementor-element elementor-element-eb8cc33 e-flex e-con-boxed e-con e-parent\" data-id=\"eb8cc33\" data-element_type=\"container\" data-e-type=\"container\">\n\t\t\t\t\t<div class=\"e-con-inner\">\n\t\t\t\t<div class=\"elementor-element elementor-element-a5950e5 elementor-widget elementor-widget-text-editor\" data-id=\"a5950e5\" data-element_type=\"widget\" data-e-type=\"widget\" data-widget_type=\"text-editor.default\">\n\t\t\t\t<div class=\"elementor-widget-container\">\n\t\t\t\t\t\t\t\t\t<h5>\u00c9DITION DU SITE<\/h5><p>Vous \u00eates actuellement connect\u00e9 au site <a href=\"https:\/\/ieo31.com\">https:\/\/ieo31.com<\/a> \u00e9dit\u00e9 par l\u2019Association Institut d\u2019\u00c9tudes Occitanes Section D\u00e9partementale Haute-Garonne (ci-apr\u00e8s d\u00e9nomm\u00e9e \u00ab IEO 31 \u00bb).<\/p><p><strong>SIRET\u00a0:<\/strong> 388 739 146 000 40\u00a0<br \/><strong>Adresse\u00a0:<\/strong> 11 rue Malcousinat 31000 Toulouse.<\/p><p><strong>Directeur de la publication : <\/strong><span class=\"ff_dynamic_value\" data-ref=\"directeur_publication\" data-fallback=\"\">Jean-Marc Leclercq<\/span><\/p><p><strong>H\u00e9bergeur <\/strong>: Ce site est h\u00e9berg\u00e9 par la soci\u00e9t\u00e9 OVH SAS \u2013 2 rue Kellermann &#8211; 59100 Roubaix \u2013 France.<br \/>L&rsquo;utilisateur en ayant acc\u00e8s \u00e0 ce site s&rsquo;engage \u00e0 se conformer aux pr\u00e9sentes conditions d&rsquo;utilisation.<\/p><p>Pour toute remarque sur le fonctionnement du site, \u00e9crivez \u00e0 : <a href=\"mailto:contacte.ieo31@gmail.com\">contacte@ieo31.com<\/a><\/p><h5>PROPRI\u00c9T\u00c9 INTELLECTUELLE<\/h5><p>IEO 31 est propri\u00e9taire des droits de propri\u00e9t\u00e9 intellectuelle et d\u00e9tient les droits d\u2019usage sur tous les \u00e9l\u00e9ments accessibles sur le site internet, notamment les textes, images, graphismes, logos, vid\u00e9os, architecture, ic\u00f4nes et sons. Leur mention n&rsquo;accorde en aucune mani\u00e8re une licence ou un droit d&rsquo;utilisation quelconque desdits \u00e9l\u00e9ments, qui ne peuvent donc \u00eatre utilis\u00e9es sans le consentement pr\u00e9alable et \u00e9crit de IEO 31.<br \/>L&rsquo;ensemble des informations pr\u00e9sentes sur ce site peut \u00eatre t\u00e9l\u00e9charg\u00e9, reproduit, imprim\u00e9 sous r\u00e9serve de :<\/p><p style=\"padding-left: 40px;\">&#8211; n&rsquo;utiliser de telles informations qu&rsquo;\u00e0 des fins personnelles et en aucune mani\u00e8re \u00e0 des fins commerciales;<\/p><p style=\"padding-left: 40px;\">&#8211; ne pas modifier de telles informations ;<\/p><p style=\"padding-left: 40px;\">&#8211; reproduire sur toutes copies la mention des droits d&rsquo;auteur de IEO 31.<\/p><p>Toute autre utilisation est strictement interdite sans autorisation pr\u00e9alable et \u00e9crite de IEO 31.<\/p><h5>RESPONSABILIT\u00c9 :<\/h5><p>L&rsquo;ensemble des informations accessibles via <a href=\"https:\/\/ieo31.com\">https:\/\/ieo31.com<\/a> est fourni en l&rsquo;\u00e9tat.<\/p><p>IEO 31 ne donne aucune garantie et n&rsquo;assume aucune responsabilit\u00e9 relative \u00e0 l&rsquo;usage, la copie, la transmission et \u00e0 toute utilisation des informations, de quelque nature qu&rsquo;elles soient, contenues sur le site <a href=\"https:\/\/ieo31.com\">https:\/\/ieo31.com<\/a>. IEO 31 n&rsquo;est responsable ni de l&rsquo;exactitude, ni des erreurs, ni des omissions contenues sur ce site. L&rsquo;utilisateur est seul responsable de l&rsquo;utilisation de telles informations.\u00a0<br \/>IEO 31 ne pourra \u00eatre responsable pour quelque dommage que ce soit r\u00e9sultant d&rsquo;une information contenue sur ce site.<\/p><p>L&rsquo;utilisateur s&rsquo;engage \u00e0 ne transmettre sur ce site aucune information pouvant entra\u00eener une responsabilit\u00e9 civile ou p\u00e9nale et s&rsquo;engage \u00e0 ce titre \u00e0 ne pas divulguer via ce site des informations ill\u00e9gales, contraires \u00e0 l&rsquo;ordre public, aux bonnes m\u0153urs ou diffamatoires.\u00a0<\/p><p>Des espaces interactifs (espace contact ou commentaires) sont \u00e0 la disposition des utilisateurs. <span class=\"ff_dynamic_value\" data-ref=\"nom_proprietaire\" data-fallback=\"\">IEO 31<\/span> se r\u00e9serve le droit de supprimer, sans mise en demeure pr\u00e9alable, tout contenu d\u00e9pos\u00e9 dans cet espace qui contreviendrait \u00e0 la l\u00e9gislation applicable en France, en particulier aux dispositions relatives \u00e0 la protection des donn\u00e9es.<\/p><p>Le cas \u00e9ch\u00e9ant, <span class=\"ff_dynamic_value\" data-ref=\"nom_proprietaire\" data-fallback=\"\">IEO 31<\/span> se r\u00e9serve \u00e9galement la possibilit\u00e9 de mettre en cause la responsabilit\u00e9 civile et\/ou p\u00e9nale de l\u2019utilisateur, notamment en cas de message \u00e0 caract\u00e8re raciste, injurieux, homophobe, diffamant, ou pornographique, quel que soit le support utilis\u00e9 (texte, photographie \u2026).<\/p><h5>LIENS HYPERTEXTES :<\/h5><p>Le site <strong><span class=\"ff_dynamic_value\" data-ref=\"url\" data-fallback=\"\">http:\/\/ieo31.com<\/span><\/strong> contient des liens hypertextes vers d\u2019autres sites et d\u00e9gage toute responsabilit\u00e9 \u00e0 propos de ces liens externes ou des liens cr\u00e9\u00e9s par d\u2019autres sites vers <strong><span class=\"ff_dynamic_value\" data-ref=\"url\" data-fallback=\"\">http:\/\/ieo31.com<\/span><\/strong>.<\/p><div class=\"elementor-element elementor-element-134a745 elementor-widget elementor-widget-text-editor\" data-id=\"134a745\" data-element_type=\"widget\" data-widget_type=\"text-editor.default\"><div class=\"elementor-widget-container\"><h5>DROIT APPLICABLE ET ATTRIBUTION DE JURIDICTION<\/h5><p>Tout litige en relation avec l\u2019utilisation du site <strong><span class=\"ff_dynamic_value\" data-ref=\"url\" data-fallback=\"\">http:\/\/ieo31.com<\/span><\/strong> est soumis au droit fran\u00e7ais. En dehors des cas o\u00f9 la loi ne le permet pas, il est fait attribution exclusive de juridiction aux tribunaux comp\u00e9tents.<\/p><\/div><\/div>\t\t\t\t\t\t\t\t<\/div>\n\t\t\t\t<\/div>\n\t\t\t\t\t<\/div>\n\t\t\t\t<\/div>\n\t\t\t\t<\/div>\n\t\t","protected":false},"excerpt":{"rendered":"<p>\u00c9DITION DU SITE Vous \u00eates actuellement connect\u00e9 au site https:\/\/ieo31.com \u00e9dit\u00e9 par l\u2019Association Institut d\u2019\u00c9tudes Occitanes Section D\u00e9partementale Haute-Garonne (ci-apr\u00e8s [&hellip;]<\/p>\n","protected":false},"author":1,"featured_media":0,"parent":0,"menu_order":0,"comment_status":"closed","ping_status":"closed","template":"","meta":{"site-sidebar-layout":"default","site-content-layout":"","ast-site-content-layout":"default","site-content-style":"default","site-sidebar-style":"default","ast-global-header-display":"","ast-banner-title-visibility":"","ast-main-header-display":"","ast-hfb-above-header-display":"","ast-hfb-below-header-display":"","ast-hfb-mobile-header-display":"","site-post-title":"","ast-breadcrumbs-content":"","ast-featured-img":"","footer-sml-layout":"","ast-disable-related-posts":"","theme-transparent-header-meta":"","adv-header-id-meta":"","stick-header-meta":"","header-above-stick-meta":"","header-main-stick-meta":"","header-below-stick-meta":"","astra-migrate-meta-layouts":"default","ast-page-background-enabled":"default","ast-page-background-meta":{"desktop":{"background-color":"var(--ast-global-color-4)","background-image":"","background-repeat":"repeat","background-position":"center center","background-size":"auto","background-attachment":"scroll","background-type":"","background-media":"","overlay-type":"","overlay-color":"","overlay-opacity":"","overlay-gradient":""},"tablet":{"background-color":"","background-image":"","background-repeat":"repeat","background-position":"center center","background-size":"auto","background-attachment":"scroll","background-type":"","background-media":"","overlay-type":"","overlay-color":"","overlay-opacity":"","overlay-gradient":""},"mobile":{"background-color":"","background-image":"","background-repeat":"repeat","background-position":"center center","background-size":"auto","background-attachment":"scroll","background-type":"","background-media":"","overlay-type":"","overlay-color":"","overlay-opacity":"","overlay-gradient":""}},"ast-content-background-meta":{"desktop":{"background-color":"var(--ast-global-color-5)","background-image":"","background-repeat":"repeat","background-position":"center center","background-size":"auto","background-attachment":"scroll","background-type":"","background-media":"","overlay-type":"","overlay-color":"","overlay-opacity":"","overlay-gradient":""},"tablet":{"background-color":"var(--ast-global-color-5)","background-image":"","background-repeat":"repeat","background-position":"center center","background-size":"auto","background-attachment":"scroll","background-type":"","background-media":"","overlay-type":"","overlay-color":"","overlay-opacity":"","overlay-gradient":""},"mobile":{"background-color":"var(--ast-global-color-5)","background-image":"","background-repeat":"repeat","background-position":"center center","background-size":"auto","background-attachment":"scroll","background-type":"","background-media":"","overlay-type":"","overlay-color":"","overlay-opacity":"","overlay-gradient":""}},"footnotes":""},"class_list":["post-3","page","type-page","status-publish","hentry"],"_links":{"self":[{"href":"https:\/\/ieo31.com\/wordpress\/wp-json\/wp\/v2\/pages\/3","targetHints":{"allow":["GET"]}}],"collection":[{"href":"https:\/\/ieo31.com\/wordpress\/wp-json\/wp\/v2\/pages"}],"about":[{"href":"https:\/\/ieo31.com\/wordpress\/wp-json\/wp\/v2\/types\/page"}],"author":[{"embeddable":true,"href":"https:\/\/ieo31.com\/wordpress\/wp-json\/wp\/v2\/users\/1"}],"replies":[{"embeddable":true,"href":"https:\/\/ieo31.com\/wordpress\/wp-json\/wp\/v2\/comments?post=3"}],"version-history":[{"count":25,"href":"https:\/\/ieo31.com\/wordpress\/wp-json\/wp\/v2\/pages\/3\/revisions"}],"predecessor-version":[{"id":1412,"href":"https:\/\/ieo31.com\/wordpress\/wp-json\/wp\/v2\/pages\/3\/revisions\/1412"}],"wp:attachment":[{"href":"https:\/\/ieo31.com\/wordpress\/wp-json\/wp\/v2\/media?parent=3"}],"curies":[{"name":"wp","href":"https:\/\/api.w.org\/{rel}","templated":true}]}}