{"id":3523,"date":"2025-07-18T10:45:48","date_gmt":"2025-07-18T08:45:48","guid":{"rendered":"https:\/\/ieo31.com\/wordpress\/?page_id=3523"},"modified":"2025-09-19T10:08:36","modified_gmt":"2025-09-19T08:08:36","slug":"festival-occitania-2025","status":"publish","type":"page","link":"https:\/\/ieo31.com\/wordpress\/festival-occitania\/festival-occitania-2025\/","title":{"rendered":"Festival Occitania 2025"},"content":{"rendered":"\t\t<div data-elementor-type=\"wp-page\" data-elementor-id=\"3523\" class=\"elementor elementor-3523\">\n\t\t\t\t<div class=\"elementor-element elementor-element-25f46df e-flex e-con-boxed e-con e-parent\" data-id=\"25f46df\" data-element_type=\"container\" data-e-type=\"container\" data-settings=\"{&quot;background_background&quot;:&quot;classic&quot;}\">\n\t\t\t\t\t<div class=\"e-con-inner\">\n\t\t\t\t<div class=\"elementor-element elementor-element-b4994e2 elementor-widget elementor-widget-spacer\" data-id=\"b4994e2\" data-element_type=\"widget\" data-e-type=\"widget\" data-widget_type=\"spacer.default\">\n\t\t\t\t<div class=\"elementor-widget-container\">\n\t\t\t\t\t\t\t<div class=\"elementor-spacer\">\n\t\t\t<div class=\"elementor-spacer-inner\"><\/div>\n\t\t<\/div>\n\t\t\t\t\t\t<\/div>\n\t\t\t\t<\/div>\n\t\t\t\t<div class=\"elementor-element elementor-element-817d12e elementor-widget elementor-widget-image\" data-id=\"817d12e\" data-element_type=\"widget\" data-e-type=\"widget\" data-widget_type=\"image.default\">\n\t\t\t\t<div class=\"elementor-widget-container\">\n\t\t\t\t\t\t\t\t\t\t\t\t\t\t\t<img decoding=\"async\" src=\"https:\/\/ieo31.com\/wordpress\/wp-content\/uploads\/elementor\/thumbs\/FestivalOccitania2023_TYPO2-qrc6wvzt8ahp8kn0sdi009rsl89rkkrxyl6hokrebo.png\" title=\"FestivalOccitania2023_TYPO2\" alt=\"FestivalOccitania2023_TYPO2\" loading=\"lazy\" \/>\t\t\t\t\t\t\t\t\t\t\t\t\t\t\t<\/div>\n\t\t\t\t<\/div>\n\t\t\t\t<div class=\"elementor-element elementor-element-0046b65 animated-slow elementor-invisible elementor-widget elementor-widget-heading\" data-id=\"0046b65\" data-element_type=\"widget\" data-e-type=\"widget\" data-settings=\"{&quot;_animation&quot;:&quot;fadeInUp&quot;}\" data-widget_type=\"heading.default\">\n\t\t\t\t<div class=\"elementor-widget-container\">\n\t\t\t\t\t<h2 class=\"elementor-heading-title elementor-size-default\">2025<\/h2>\t\t\t\t<\/div>\n\t\t\t\t<\/div>\n\t\t\t\t\t<\/div>\n\t\t\t\t<\/div>\n\t\t<div class=\"elementor-element elementor-element-58839f2 e-flex e-con-boxed e-con e-parent\" data-id=\"58839f2\" data-element_type=\"container\" data-e-type=\"container\">\n\t\t\t\t\t<div class=\"e-con-inner\">\n\t\t\t\t<div class=\"elementor-element elementor-element-2039a12 elementor-invisible elementor-widget elementor-widget-heading\" data-id=\"2039a12\" data-element_type=\"widget\" data-e-type=\"widget\" data-settings=\"{&quot;_animation&quot;:&quot;slideInLeft&quot;}\" data-widget_type=\"heading.default\">\n\t\t\t\t<div class=\"elementor-widget-container\">\n\t\t\t\t\t<h2 class=\"elementor-heading-title elementor-size-default\">Le festival<\/h2>\t\t\t\t<\/div>\n\t\t\t\t<\/div>\n\t\t\t\t\t<\/div>\n\t\t\t\t<\/div>\n\t\t<div class=\"elementor-element elementor-element-a194715 e-flex e-con-boxed e-con e-parent\" data-id=\"a194715\" data-element_type=\"container\" data-e-type=\"container\">\n\t\t\t\t\t<div class=\"e-con-inner\">\n\t\t<div class=\"elementor-element elementor-element-17c799b e-con-full e-flex e-con e-child\" data-id=\"17c799b\" data-element_type=\"container\" data-e-type=\"container\">\n\t\t\t\t<div class=\"elementor-element elementor-element-758b588 elementor-invisible elementor-widget elementor-widget-image\" data-id=\"758b588\" data-element_type=\"widget\" data-e-type=\"widget\" data-settings=\"{&quot;_animation&quot;:&quot;slideInLeft&quot;}\" data-widget_type=\"image.default\">\n\t\t\t\t<div class=\"elementor-widget-container\">\n\t\t\t\t\t\t\t\t\t\t\t\t\t\t\t<img fetchpriority=\"high\" decoding=\"async\" width=\"724\" height=\"1024\" src=\"https:\/\/ieo31.com\/wordpress\/wp-content\/uploads\/2025\/09\/FESTIVAL-OCCITANIA-2025-724x1024.jpg\" class=\"attachment-large size-large wp-image-3623\" alt=\"\" srcset=\"https:\/\/ieo31.com\/wordpress\/wp-content\/uploads\/2025\/09\/FESTIVAL-OCCITANIA-2025-724x1024.jpg 724w, https:\/\/ieo31.com\/wordpress\/wp-content\/uploads\/2025\/09\/FESTIVAL-OCCITANIA-2025-212x300.jpg 212w, https:\/\/ieo31.com\/wordpress\/wp-content\/uploads\/2025\/09\/FESTIVAL-OCCITANIA-2025-768x1086.jpg 768w, https:\/\/ieo31.com\/wordpress\/wp-content\/uploads\/2025\/09\/FESTIVAL-OCCITANIA-2025-1086x1536.jpg 1086w, https:\/\/ieo31.com\/wordpress\/wp-content\/uploads\/2025\/09\/FESTIVAL-OCCITANIA-2025-1320x1867.jpg 1320w, https:\/\/ieo31.com\/wordpress\/wp-content\/uploads\/2025\/09\/FESTIVAL-OCCITANIA-2025.jpg 1414w\" sizes=\"(max-width: 724px) 100vw, 724px\" data-wp-pid=\"3623\" \/>\t\t\t\t\t\t\t\t\t\t\t\t\t\t\t<\/div>\n\t\t\t\t<\/div>\n\t\t\t\t<\/div>\n\t\t<div class=\"elementor-element elementor-element-2367b84 e-con-full e-flex e-con e-child\" data-id=\"2367b84\" data-element_type=\"container\" data-e-type=\"container\">\n\t\t\t\t<div class=\"elementor-element elementor-element-371564a elementor-invisible elementor-widget elementor-widget-text-editor\" data-id=\"371564a\" data-element_type=\"widget\" data-e-type=\"widget\" data-settings=\"{&quot;_animation&quot;:&quot;slideInRight&quot;}\" data-widget_type=\"text-editor.default\">\n\t\t\t\t<div class=\"elementor-widget-container\">\n\t\t\t\t\t\t\t\t\t<p>Coma cada an, la davalada se\u2019n torna e amb ela\u2026 lo <strong>Festival Occitania <\/strong>! Per aquela edicion, vos balham rdv per 24 eveniments per descobrir las creacions occitanas actualas, e vos pod\u00e8m ja assegurar que cadun\u00b7a i trapar\u00e0 son compte ! Al programa : musica, dan\u00e7a, literatura, cinema, teatre, visitas ; entre Tolosa, Mur\u00e8th, Blanhac, Rius Volv\u00e8stre, Cunhaus, Pinsaguel o encara Caraman, la c\u00f2la de l\u2019IEO 31 e sos partenaris vos esperan per festejar la lenga e la cultura occitanas !<\/p><p>Comen\u00e7arem tre lo 2 d\u2019octobre a l\u2019Utopia Borderouge amb un rencontre-discutida abans la projeccion del filme de Claude Sicre<span style=\"color: #339966;\"><strong><em> \u201cRoots Tour\u201d<\/em><\/strong><\/span>, dins l\u2019encastre del festenal Peuples et musiques au cin\u00e9ma, partenari nov\u00e8l del Festival Occitania.<\/p><p>Se\u2019n seguir\u00e0 l\u2019endeman la 6ena serada electrotrad al Dada, marcada pel retorn d\u2019Henri Maquet ali\u00e0s <span style=\"color: #339966;\"><strong>Delta S\u00f2nic<\/strong><\/span>, \u00f2me orquestra de las musicas tradicionalas del 3en millenari, amb son vaiss\u00e8l extr\u00e0-temporal d&rsquo;exploracion de monds son\u00f2rs ! E coma de costuma, lo transe-\u00f2c vinil mix de Mr Brun &amp; La Mascanha, mix 100% vinils occitans ! Un autre mix de manca pas, lo de <strong><span style=\"color: #339966;\">darc<\/span> <\/strong>creatura dificila a classar, per un dj set cantat e parlat qu&rsquo;oscillar\u00e0 entre ambient e musica dan\u00e7ar\u00e8la, per destendre lo c\u00f2s e l&rsquo;esperit. Se passa lo 18 d\u2019octobre a La Gougnotte, acompanhat d\u2019una exposicion fotografica d\u2019<span style=\"color: #339966;\"><strong>Est\u00e8la Blenet<\/strong> <\/span>!<br \/>De conc\u00e8rts, ne\u2019n mancar\u00e0 pas : <span style=\"color: #339966;\"><strong>Noubal\u00f2tcha<\/strong> <\/span>a la Cave Po\u2019 per la Waada Ren\u00e9 Gouzenne, <strong><span style=\"color: #339966;\">Amaneja<\/span> <\/strong>amb Pauline Kamakine e Esteban Dehos a la Topina, <span style=\"color: #339966;\"><strong>Polif\u00f2nic System<\/strong> <\/span>&amp; <span style=\"color: #339966;\"><strong>Chabraille<\/strong> <\/span>a Pinsaguel, e lo grop de Nissa <span style=\"color: #339966;\"><strong>Nux Vomica<\/strong><\/span> al Cabaret Le 9<br \/>E per vos far dan\u00e7ar, un casting de tria per de bal\u00e8tis a bodre :<span style=\"color: #339966;\"><strong> Camille en bal, Triplette, Suberdaurada, Bolbena, Manu Isopet<\/strong><\/span>\u2026 sens doblidar lo <span style=\"color: #339966;\"><strong>Fest-noz bal\u00e8ti<\/strong><\/span> de Breizh en \u00f2c que clavar\u00e0 las festivitats lo 15 de novembre amb Coquelicot de Fogo e los bretons Lors Landat e Thomas Moisson.<\/p>\t\t\t\t\t\t\t\t<\/div>\n\t\t\t\t<\/div>\n\t\t\t\t<\/div>\n\t\t<div class=\"elementor-element elementor-element-7042b82 e-con-full e-flex e-con e-child\" data-id=\"7042b82\" data-element_type=\"container\" data-e-type=\"container\">\n\t\t\t\t<div class=\"elementor-element elementor-element-66b7485 elementor-invisible elementor-widget elementor-widget-text-editor\" data-id=\"66b7485\" data-element_type=\"widget\" data-e-type=\"widget\" data-settings=\"{&quot;_animation&quot;:&quot;slideInRight&quot;}\" data-widget_type=\"text-editor.default\">\n\t\t\t\t<div class=\"elementor-widget-container\">\n\t\t\t\t\t\t\t\t\t<p>Costat teatre, aculhirem Monica Burg e Fran\u00e7ois Dumeaux per <span style=\"color: #339966;\"><strong><em>\u201cD\u2019una lenga l\u2019autra\u201d<\/em><\/strong><\/span> dins una serada dedicada a Marcela Delpastre, en partenariat amb lo magazine Lo Diari. Tanben, poiretz assistir a l\u2019espectacle <strong><span style=\"color: #339966;\"><em>\u201cCornamusas occitanas pels nuls\u201d<\/em><\/span><\/strong> de JM Espinasse e <em><span style=\"color: #339966;\">\u201cJogarem pas a Tolosa\u201d<\/span><\/em> (aqu\u00f2, veirem ben!) de la tropa ariegesa <span style=\"color: #339966;\"><strong>Les Galejaires<\/strong><\/span>.<\/p><p>Ongan, vos poiretz passejar per carri\u00e8ras amb 3 visitas tematicas : l\u2019emblematica <em>\u201cTolosa en \u00f2c\u201d<\/em> de JM Leclercq, <em>\u201camb Godolin\u201d<\/em> e Avelina Fabre, e la tota nov\u00e8la <span style=\"color: #339966;\"><em><strong>\u201cAfars sensibles\u201d<\/strong><\/em><\/span>, totjorn amb Avelina !<\/p><p>Enfin, una serada especiala \u201cDescob\u00e8rtas occitanas\u201d se tendr\u00e0 lo 7 de novembre a las Halles de la transition \u00e0 Tolosa amb un fum d\u2019animacions : m\u00f2stra e talhi\u00e8r de serigrafia amb<span style=\"color: #339966;\"><strong> Cecila Chapdu\u00e8lh,<\/strong><\/span> de projeccions amb <span style=\"color: #339966;\"><strong>D\u00e8tz<\/strong><\/span>, e pel primi\u00e8r c\u00f2p sus l\u2019empont, un conc\u00e8rt amb<span style=\"color: #339966;\"><strong> Occitan Covers<\/strong><\/span> !<\/p><p>Ves\u00e8tz, auretz pas l\u00e9ser de languir en octobre e novembre !<\/p>\t\t\t\t\t\t\t\t<\/div>\n\t\t\t\t<\/div>\n\t\t\t\t<div class=\"elementor-element elementor-element-856c146 elementor-button-success elementor-align-center elementor-widget elementor-widget-button\" data-id=\"856c146\" data-element_type=\"widget\" data-e-type=\"widget\" data-widget_type=\"button.default\">\n\t\t\t\t<div class=\"elementor-widget-container\">\n\t\t\t\t\t\t\t\t\t<div class=\"elementor-button-wrapper\">\n\t\t\t\t\t<a class=\"elementor-button elementor-button-link elementor-size-sm\" href=\"https:\/\/ieo31.com\/wordpress\/wp-content\/uploads\/2025\/09\/Comunicat-2025-1.pdf\">\n\t\t\t\t\t\t<span class=\"elementor-button-content-wrapper\">\n\t\t\t\t\t\t\t\t\t<span class=\"elementor-button-text\">Comunicat de premsa \/ Communiqu\u00e9 de presse<\/span>\n\t\t\t\t\t<\/span>\n\t\t\t\t\t<\/a>\n\t\t\t\t<\/div>\n\t\t\t\t\t\t\t\t<\/div>\n\t\t\t\t<\/div>\n\t\t\t\t<div class=\"elementor-element elementor-element-6077347 elementor-invisible elementor-widget elementor-widget-text-editor\" data-id=\"6077347\" data-element_type=\"widget\" data-e-type=\"widget\" data-settings=\"{&quot;_animation&quot;:&quot;slideInRight&quot;}\" data-widget_type=\"text-editor.default\">\n\t\t\t\t<div class=\"elementor-widget-container\">\n\t\t\t\t\t\t\t\t\t<p>Comme chaque ann\u00e9e, l\u2019automne revient et avec lui\u2026 le <strong>Festival Occitania<\/strong> ! Pour cette \u00e9dition 2025, nous vous donnons rdv pour 24 \u00e9v\u00e9nements pour d\u00e9couvrir les cr\u00e9ations occitanes actuelles, et nous pouvons d\u00e9j\u00e0 vous assurer que chacun\u00b7e y trouvera son compte ! Au programme : musique, danse, litt\u00e9rature, cin\u00e9ma, th\u00e9\u00e2tre, visites ; entre Toulouse, Muret, Blagnac, Rieux Volvestre, Cugnaux, Pinsaguel ou encore Caraman, l&rsquo;\u00e9quipe de l&rsquo;IEO 31 et ses partenaires vous attendent pour f\u00eater la langue et la culture occitanes !<\/p><p>Nous commencerons d\u00e8s le 2 octobre \u00e0 l&rsquo;Utopia Borderouge avec une rencontre-discussion, avant la projection du film de Claude Sicre \u201cRoots Tour\u201d, dans le cadre du festival Peuples et musiques au cin\u00e9ma, nouveau partenaire du Festival Occitania.<\/p><p>S&rsquo;en suivra le lendemain la 6\u00e8me soir\u00e9e \u00e9lectrotrad au Dada, marqu\u00e9e par le retour d&rsquo;Henri Maquet alias Delta S\u00f2nic, homme orchestre des musiques traditionnelles du 3e mill\u00e9naire, avec son vaisseau extra-temporel d&rsquo;exploration de mondes sonores ! Et comme d&rsquo;habitude, le transe-\u00f2c vinyle mix de Mr Brun &amp; La Mascanha, mix 100% vinyles occitans ! Un autre mix \u00e0 ne pas manquer, celui de darc, cr\u00e9ature difficile \u00e0 classer, pour un dj set chant\u00e9 et parl\u00e9 qui oscillera entre ambiance et musique \u00e0 danser, pour d\u00e9tendre le corps et l&rsquo;esprit. \u00c7a se passe le 18 octobre \u00e0 La Gougnotte, accompagn\u00e9 d\u2019une exposition photographique d&rsquo;Estele Blenet !<br \/>Des concerts, il n&rsquo;en manquera pas : Noubal\u00f2tcha \u00e0 la Cave Po\u2019 pour la Waada Ren\u00e9 Gouzenne, Amaneja avec Pauline Kamakine et Esteban Dehos \u00e0 la Topina, Polif\u00f2nic System &amp; Chabraille \u00e0 Pinsaguel, et le groupe de Nissa Nux Vomica au Cabaret Le 9.<br \/>Et pour vous faire danser, un casting remarquable pour des bal\u00e8tis \u00e0 foison : Camille en bal, Triplette, Suberdaurada, Bolbena, Manu Isopet\u2026 sans oublier le Fest-noz bal\u00e8ti de Breizh en oc qui cl\u00f4turera les festivit\u00e9s le 15 novembre avec Coquelicot de Fogo et les bretons Lors Landat et Thomas Moisson.<\/p><p>C\u00f4t\u00e9 th\u00e9\u00e2tre, nous accueillerons Monique Burg et Fran\u00e7ois Dumeaux pour \u201cD&rsquo;una lenga l&rsquo;autra\u201d dans une soir\u00e9e d\u00e9di\u00e9e \u00e0 Marcela Delpastre, en partenariat avec le magazine Lo Diari. Vous pourrez aussi assister au spectacle \u201cCornemuses occitanes pour les nuls\u201d de JM Espinasse et \u201cJogarem pas a Tolosa (Nous ne jouerons pas \u00e0 Toulouse)\u201d (\u00e7a, on verra bien !) de la troupe ari\u00e9geoise Les Galejaires.<\/p><p>Cette ann\u00e9e, vous pourrez vous promener en ville avec 3 visites th\u00e9matiques : l&#8217;embl\u00e9matique \u201cTolosa en oc\u201d de JM Leclercq, \u201cavec Godolin\u201d et Avelina Fabre, et la toute nouvelle \u201cAfars sensibles\u201d, toujours avec Avelina !<\/p><p>Enfin, une soir\u00e9e sp\u00e9ciale \u201cD\u00e9couvertes occitanes\u201d se tiendra le 7 novembre aux Halles de la transition \u00e0 Toulouse avec de nombreuses animations : expo et atelier de s\u00e9rigraphie avec Cecila Chapduelh, projections avec D\u00e8tz, et pour la premi\u00e8re fois sur sc\u00e8ne, un concert avec Occitan Covers !<\/p><p>Vous voyez, vous n\u2019aurez pas le temps de vous ennuyer en octobre et novembre !<\/p>\t\t\t\t\t\t\t\t<\/div>\n\t\t\t\t<\/div>\n\t\t\t\t<div class=\"elementor-element elementor-element-a938081 elementor-shape-circle animated-slow elementor-grid-0 e-grid-align-center elementor-invisible elementor-widget elementor-widget-social-icons\" data-id=\"a938081\" data-element_type=\"widget\" data-e-type=\"widget\" data-settings=\"{&quot;_animation&quot;:&quot;fadeIn&quot;}\" data-widget_type=\"social-icons.default\">\n\t\t\t\t<div class=\"elementor-widget-container\">\n\t\t\t\t\t\t\t<div class=\"elementor-social-icons-wrapper elementor-grid\" role=\"list\">\n\t\t\t\t\t\t\t<span class=\"elementor-grid-item\" role=\"listitem\">\n\t\t\t\t\t<a class=\"elementor-icon elementor-social-icon elementor-social-icon-facebook elementor-animation-grow elementor-repeater-item-521454d\" href=\"https:\/\/www.facebook.com\/festivaloccitania\" target=\"_blank\">\n\t\t\t\t\t\t<span class=\"elementor-screen-only\">Facebook<\/span>\n\t\t\t\t\t\t<svg aria-hidden=\"true\" class=\"e-font-icon-svg e-fab-facebook\" viewBox=\"0 0 512 512\" xmlns=\"http:\/\/www.w3.org\/2000\/svg\"><path d=\"M504 256C504 119 393 8 256 8S8 119 8 256c0 123.78 90.69 226.38 209.25 245V327.69h-63V256h63v-54.64c0-62.15 37-96.48 93.67-96.48 27.14 0 55.52 4.84 55.52 4.84v61h-31.28c-30.8 0-40.41 19.12-40.41 38.73V256h68.78l-11 71.69h-57.78V501C413.31 482.38 504 379.78 504 256z\"><\/path><\/svg>\t\t\t\t\t<\/a>\n\t\t\t\t<\/span>\n\t\t\t\t\t\t\t<span class=\"elementor-grid-item\" role=\"listitem\">\n\t\t\t\t\t<a class=\"elementor-icon elementor-social-icon elementor-social-icon-instagram elementor-animation-grow elementor-repeater-item-d322978\" href=\"https:\/\/www.instagram.com\/festivaloccitania\" target=\"_blank\">\n\t\t\t\t\t\t<span class=\"elementor-screen-only\">Instagram<\/span>\n\t\t\t\t\t\t<svg aria-hidden=\"true\" class=\"e-font-icon-svg e-fab-instagram\" viewBox=\"0 0 448 512\" xmlns=\"http:\/\/www.w3.org\/2000\/svg\"><path d=\"M224.1 141c-63.6 0-114.9 51.3-114.9 114.9s51.3 114.9 114.9 114.9S339 319.5 339 255.9 287.7 141 224.1 141zm0 189.6c-41.1 0-74.7-33.5-74.7-74.7s33.5-74.7 74.7-74.7 74.7 33.5 74.7 74.7-33.6 74.7-74.7 74.7zm146.4-194.3c0 14.9-12 26.8-26.8 26.8-14.9 0-26.8-12-26.8-26.8s12-26.8 26.8-26.8 26.8 12 26.8 26.8zm76.1 27.2c-1.7-35.9-9.9-67.7-36.2-93.9-26.2-26.2-58-34.4-93.9-36.2-37-2.1-147.9-2.1-184.9 0-35.8 1.7-67.6 9.9-93.9 36.1s-34.4 58-36.2 93.9c-2.1 37-2.1 147.9 0 184.9 1.7 35.9 9.9 67.7 36.2 93.9s58 34.4 93.9 36.2c37 2.1 147.9 2.1 184.9 0 35.9-1.7 67.7-9.9 93.9-36.2 26.2-26.2 34.4-58 36.2-93.9 2.1-37 2.1-147.8 0-184.8zM398.8 388c-7.8 19.6-22.9 34.7-42.6 42.6-29.5 11.7-99.5 9-132.1 9s-102.7 2.6-132.1-9c-19.6-7.8-34.7-22.9-42.6-42.6-11.7-29.5-9-99.5-9-132.1s-2.6-102.7 9-132.1c7.8-19.6 22.9-34.7 42.6-42.6 29.5-11.7 99.5-9 132.1-9s102.7-2.6 132.1 9c19.6 7.8 34.7 22.9 42.6 42.6 11.7 29.5 9 99.5 9 132.1s2.7 102.7-9 132.1z\"><\/path><\/svg>\t\t\t\t\t<\/a>\n\t\t\t\t<\/span>\n\t\t\t\t\t\t\t<span class=\"elementor-grid-item\" role=\"listitem\">\n\t\t\t\t\t<a class=\"elementor-icon elementor-social-icon elementor-social-icon-envelope elementor-animation-grow elementor-repeater-item-f9460c6\" href=\"mailto:contacte@festivaloccitania.com\" target=\"_blank\">\n\t\t\t\t\t\t<span class=\"elementor-screen-only\">Envelope<\/span>\n\t\t\t\t\t\t<svg aria-hidden=\"true\" class=\"e-font-icon-svg e-fas-envelope\" viewBox=\"0 0 512 512\" xmlns=\"http:\/\/www.w3.org\/2000\/svg\"><path d=\"M502.3 190.8c3.9-3.1 9.7-.2 9.7 4.7V400c0 26.5-21.5 48-48 48H48c-26.5 0-48-21.5-48-48V195.6c0-5 5.7-7.8 9.7-4.7 22.4 17.4 52.1 39.5 154.1 113.6 21.1 15.4 56.7 47.8 92.2 47.6 35.7.3 72-32.8 92.3-47.6 102-74.1 131.6-96.3 154-113.7zM256 320c23.2.4 56.6-29.2 73.4-41.4 132.7-96.3 142.8-104.7 173.4-128.7 5.8-4.5 9.2-11.5 9.2-18.9v-19c0-26.5-21.5-48-48-48H48C21.5 64 0 85.5 0 112v19c0 7.4 3.4 14.3 9.2 18.9 30.6 23.9 40.7 32.4 173.4 128.7 16.8 12.2 50.2 41.8 73.4 41.4z\"><\/path><\/svg>\t\t\t\t\t<\/a>\n\t\t\t\t<\/span>\n\t\t\t\t\t<\/div>\n\t\t\t\t\t\t<\/div>\n\t\t\t\t<\/div>\n\t\t\t\t<\/div>\n\t\t\t\t\t<\/div>\n\t\t\t\t<\/div>\n\t\t<div class=\"elementor-element elementor-element-a7abe1c e-flex e-con-boxed e-con e-parent\" data-id=\"a7abe1c\" data-element_type=\"container\" data-e-type=\"container\" data-settings=\"{&quot;background_background&quot;:&quot;classic&quot;}\">\n\t\t\t\t\t<div class=\"e-con-inner\">\n\t\t\t\t<div class=\"elementor-element elementor-element-ac4d0a4 elementor-invisible elementor-widget elementor-widget-heading\" data-id=\"ac4d0a4\" data-element_type=\"widget\" data-e-type=\"widget\" data-settings=\"{&quot;_animation&quot;:&quot;slideInLeft&quot;}\" data-widget_type=\"heading.default\">\n\t\t\t\t<div class=\"elementor-widget-container\">\n\t\t\t\t\t<h2 class=\"elementor-heading-title elementor-size-default\">Programme<\/h2>\t\t\t\t<\/div>\n\t\t\t\t<\/div>\n\t\t\t\t<div class=\"elementor-element elementor-element-f546a12 elementor-invisible elementor-widget elementor-widget-image\" data-id=\"f546a12\" data-element_type=\"widget\" data-e-type=\"widget\" data-settings=\"{&quot;_animation&quot;:&quot;slideInLeft&quot;}\" data-widget_type=\"image.default\">\n\t\t\t\t<div class=\"elementor-widget-container\">\n\t\t\t\t\t\t\t\t\t\t\t\t\t\t\t<img decoding=\"async\" width=\"1024\" height=\"728\" src=\"https:\/\/ieo31.com\/wordpress\/wp-content\/uploads\/2025\/09\/Papieron-Festival-2025-1024x728.jpg\" class=\"attachment-large size-large wp-image-3628\" alt=\"\" srcset=\"https:\/\/ieo31.com\/wordpress\/wp-content\/uploads\/2025\/09\/Papieron-Festival-2025-1024x728.jpg 1024w, https:\/\/ieo31.com\/wordpress\/wp-content\/uploads\/2025\/09\/Papieron-Festival-2025-300x213.jpg 300w, https:\/\/ieo31.com\/wordpress\/wp-content\/uploads\/2025\/09\/Papieron-Festival-2025-768x546.jpg 768w, https:\/\/ieo31.com\/wordpress\/wp-content\/uploads\/2025\/09\/Papieron-Festival-2025-1536x1091.jpg 1536w, https:\/\/ieo31.com\/wordpress\/wp-content\/uploads\/2025\/09\/Papieron-Festival-2025-1320x938.jpg 1320w, https:\/\/ieo31.com\/wordpress\/wp-content\/uploads\/2025\/09\/Papieron-Festival-2025.jpg 2000w\" sizes=\"(max-width: 1024px) 100vw, 1024px\" data-wp-pid=\"3628\" \/>\t\t\t\t\t\t\t\t\t\t\t\t\t\t\t<\/div>\n\t\t\t\t<\/div>\n\t\t\t\t<div class=\"elementor-element elementor-element-3602469 elementor-widget elementor-widget-html\" data-id=\"3602469\" data-element_type=\"widget\" data-e-type=\"widget\" data-widget_type=\"html.default\">\n\t\t\t\t<div class=\"elementor-widget-container\">\n\t\t\t\t\t<iframe style=\"width:100%;\" frameborder=\"0\" scrolling=\"no\" allowtransparency=\"allowtransparency\" class=\"cibulFrame cbpgbdy\" data-oabdy src=\"\/\/openagenda.com\/agendas\/15570103\/embeds\/83946434\/events?lang=fr\" data-lang=\"fr\"><\/iframe><script type=\"text\/javascript\" src=\"\/\/openagenda.com\/js\/embed\/cibulBodyWidget.js\"><\/script>\n\t\t\t\t<\/div>\n\t\t\t\t<\/div>\n\t\t\t\t\t<\/div>\n\t\t\t\t<\/div>\n\t\t\t\t<\/div>\n\t\t","protected":false},"excerpt":{"rendered":"<p>2025 Le festival Coma cada an, la davalada se\u2019n torna e amb ela\u2026 lo Festival Occitania ! Per aquela edicion, [&hellip;]<\/p>\n","protected":false},"author":2,"featured_media":0,"parent":1085,"menu_order":4,"comment_status":"closed","ping_status":"closed","template":"","meta":{"site-sidebar-layout":"no-sidebar","site-content-layout":"","ast-site-content-layout":"full-width-container","site-content-style":"default","site-sidebar-style":"default","ast-global-header-display":"","ast-banner-title-visibility":"","ast-main-header-display":"","ast-hfb-above-header-display":"","ast-hfb-below-header-display":"","ast-hfb-mobile-header-display":"","site-post-title":"disabled","ast-breadcrumbs-content":"","ast-featured-img":"disabled","footer-sml-layout":"","ast-disable-related-posts":"","theme-transparent-header-meta":"","adv-header-id-meta":"","stick-header-meta":"","header-above-stick-meta":"","header-main-stick-meta":"","header-below-stick-meta":"","astra-migrate-meta-layouts":"default","ast-page-background-enabled":"default","ast-page-background-meta":{"desktop":{"background-color":"var(--ast-global-color-4)","background-image":"","background-repeat":"repeat","background-position":"center center","background-size":"auto","background-attachment":"scroll","background-type":"","background-media":"","overlay-type":"","overlay-color":"","overlay-opacity":"","overlay-gradient":""},"tablet":{"background-color":"","background-image":"","background-repeat":"repeat","background-position":"center center","background-size":"auto","background-attachment":"scroll","background-type":"","background-media":"","overlay-type":"","overlay-color":"","overlay-opacity":"","overlay-gradient":""},"mobile":{"background-color":"","background-image":"","background-repeat":"repeat","background-position":"center center","background-size":"auto","background-attachment":"scroll","background-type":"","background-media":"","overlay-type":"","overlay-color":"","overlay-opacity":"","overlay-gradient":""}},"ast-content-background-meta":{"desktop":{"background-color":"var(--ast-global-color-5)","background-image":"","background-repeat":"repeat","background-position":"center center","background-size":"auto","background-attachment":"scroll","background-type":"","background-media":"","overlay-type":"","overlay-color":"","overlay-opacity":"","overlay-gradient":""},"tablet":{"background-color":"var(--ast-global-color-5)","background-image":"","background-repeat":"repeat","background-position":"center center","background-size":"auto","background-attachment":"scroll","background-type":"","background-media":"","overlay-type":"","overlay-color":"","overlay-opacity":"","overlay-gradient":""},"mobile":{"background-color":"var(--ast-global-color-5)","background-image":"","background-repeat":"repeat","background-position":"center center","background-size":"auto","background-attachment":"scroll","background-type":"","background-media":"","overlay-type":"","overlay-color":"","overlay-opacity":"","overlay-gradient":""}},"footnotes":""},"class_list":["post-3523","page","type-page","status-publish","hentry"],"_links":{"self":[{"href":"https:\/\/ieo31.com\/wordpress\/wp-json\/wp\/v2\/pages\/3523","targetHints":{"allow":["GET"]}}],"collection":[{"href":"https:\/\/ieo31.com\/wordpress\/wp-json\/wp\/v2\/pages"}],"about":[{"href":"https:\/\/ieo31.com\/wordpress\/wp-json\/wp\/v2\/types\/page"}],"author":[{"embeddable":true,"href":"https:\/\/ieo31.com\/wordpress\/wp-json\/wp\/v2\/users\/2"}],"replies":[{"embeddable":true,"href":"https:\/\/ieo31.com\/wordpress\/wp-json\/wp\/v2\/comments?post=3523"}],"version-history":[{"count":10,"href":"https:\/\/ieo31.com\/wordpress\/wp-json\/wp\/v2\/pages\/3523\/revisions"}],"predecessor-version":[{"id":3632,"href":"https:\/\/ieo31.com\/wordpress\/wp-json\/wp\/v2\/pages\/3523\/revisions\/3632"}],"up":[{"embeddable":true,"href":"https:\/\/ieo31.com\/wordpress\/wp-json\/wp\/v2\/pages\/1085"}],"wp:attachment":[{"href":"https:\/\/ieo31.com\/wordpress\/wp-json\/wp\/v2\/media?parent=3523"}],"curies":[{"name":"wp","href":"https:\/\/api.w.org\/{rel}","templated":true}]}}